{"id":33,"date":"2017-11-20T15:41:14","date_gmt":"2017-11-20T15:41:14","guid":{"rendered":"http:\/\/meteorolog-si.fmf.uni-lj.si\/?page_id=33"},"modified":"2024-02-14T13:32:33","modified_gmt":"2024-02-14T14:32:33","slug":"predstavitev","status":"publish","type":"page","link":"https:\/\/meteorolog.si\/index.php\/predstavitev\/","title":{"rendered":"O strani"},"content":{"rendered":"<p><strong>Meteorolog.si<\/strong> je spletna platforma, kjer so zbrane klju\u010dne informacije povezane s strokovnim podro\u010djem meteorologije v Sloveniji. Med drugim je na platformi mo\u017eno poiskati osnovne podatke o poklicu in izobra\u017eevanju, prebrati intervjuje s posameznimi strokovnjaki meteorolo\u0161ke stroke ter pregled aktualnih dogodkov in objav.<\/p>\n<p>Za platformo skrbi Katedra za meteorologijo na Fakulteti za matematiko in fiziko, Univerza v Ljubljani.<\/p>\n<p>Glavni urednik: izr. prof. dr. Gregor Skok<\/p>\n<p>Kontakt:<\/p>\n<p>Katedra za meteorologijo<br \/>\nFakulteta za matematiko in fiziko<br \/>\nJadranska cesta 19<br \/>\n1000 Ljubljana<br \/>\nSlovenija<\/p>\n<p>Email: Meteorologija@fmf.uni-lj.si.<\/p>\n","protected":false},"excerpt":{"rendered":"<p>Meteorolog.si je spletna platforma, kjer so zbrane klju\u010dne informacije povezane s strokovnim podro\u010djem meteorologije v Sloveniji. Med drugim je na platformi mo\u017eno poiskati osnovne podatke o poklicu in izobra\u017eevanju, prebrati intervjuje s posameznimi strokovnjaki meteorolo\u0161ke stroke ter pregled aktualnih dogodkov&hellip;<\/p>\n","protected":false},"author":1,"featured_media":0,"parent":0,"menu_order":0,"comment_status":"closed","ping_status":"closed","template":"","meta":{"footnotes":""},"class_list":["post-33","page","type-page","status-publish","hentry","description-off"],"_links":{"self":[{"href":"https:\/\/meteorolog.si\/index.php\/wp-json\/wp\/v2\/pages\/33","targetHints":{"allow":["GET"]}}],"collection":[{"href":"https:\/\/meteorolog.si\/index.php\/wp-json\/wp\/v2\/pages"}],"about":[{"href":"https:\/\/meteorolog.si\/index.php\/wp-json\/wp\/v2\/types\/page"}],"author":[{"embeddable":true,"href":"https:\/\/meteorolog.si\/index.php\/wp-json\/wp\/v2\/users\/1"}],"replies":[{"embeddable":true,"href":"https:\/\/meteorolog.si\/index.php\/wp-json\/wp\/v2\/comments?post=33"}],"version-history":[{"count":9,"href":"https:\/\/meteorolog.si\/index.php\/wp-json\/wp\/v2\/pages\/33\/revisions"}],"predecessor-version":[{"id":758,"href":"https:\/\/meteorolog.si\/index.php\/wp-json\/wp\/v2\/pages\/33\/revisions\/758"}],"wp:attachment":[{"href":"https:\/\/meteorolog.si\/index.php\/wp-json\/wp\/v2\/media?parent=33"}],"curies":[{"name":"wp","href":"https:\/\/api.w.org\/{rel}","templated":true}]}}