{"id":73,"date":"2017-11-21T08:11:27","date_gmt":"2017-11-21T08:11:27","guid":{"rendered":"http:\/\/meteorolog-si.fmf.uni-lj.si\/?page_id=73"},"modified":"2025-01-27T14:49:20","modified_gmt":"2025-01-27T15:49:20","slug":"studij","status":"publish","type":"page","link":"https:\/\/meteorolog.si\/index.php\/studij\/","title":{"rendered":"\u0160tudij"},"content":{"rendered":"<p style=\"text-align: center;\"><iframe loading=\"lazy\" title=\"Predstavitev \u0161tudija meteorologije na UL FMF\" src=\"https:\/\/www.youtube.com\/embed\/QwUcm7ND3C8\" width=\"600\" height=\"338\" frameborder=\"0\" allowfullscreen=\"allowfullscreen\"><\/iframe><br \/>Kratek informativni video o poklicu in \u0161tudiju meteorologije<\/p>\n\n\n\n<p>V Sloveniji lahko meteorolog potrebna znanja pridobi tekom \u0161tudija na Fakulteti za matematiko in fiziko univerze v Ljubljani. \u0160tudij meteorologije je zelo povezan s \u0161tudijem fizike, s katerim deli vse osnovne predmete fizike in matematike. V vi\u0161jih letnikih je \u0161tudij osredoto\u010den na uporabo pridobljenih znanj za opis dogajanja v ozra\u010dju. Drugostopenjski \u0161tudij nadgradi bazi\u010dna znanja in prakti\u010dne sposobnosti iz prve stopnje in usposobi magistre meteorologije, ki so sposobni numeri\u010dnega modeliranja in napovedovanja atmosferskih procesov. Med \u0161tudijem \u0161tudent pridobi tudi splo\u0161no uporabna znanja (npr. ra\u010dunalni\u0161ka), ki so iskana tudi izven osnovnih podro\u010dij meteorologije in fizike, kar pove\u010da razpon zaposlitvenih mo\u017enosti.<\/p>\n\n\n\n<p>Ve\u010d informacij o \u0161tudiju meteorologije je na voljo v letaku (<a href=\"https:\/\/meteorolog.si\/wp-content\/uploads\/2019\/03\/Letak_Meteo_FMF_2019.pdf\">povezava<\/a>) za morebitna vpra\u0161anja pa smo dosegljivi tudi preko emaila <a href=\"mailto:Meteorologija@fmf.uni-lj.si\">Meteorologija@fmf.uni-lj.si<\/a>.<\/p>\n\n\n\n<p>\u0160tudij meteorologije na 1. in 2. stopnji poteka v okviru meteorolo\u0161ke smeri na programu Fizika:<\/p>\n\n\n\n<ul class=\"wp-block-list\">\n<li>povezava na podroben opis <a href=\"https:\/\/www.fmf.uni-lj.si\/si\/studij-fizike\/fizika-I\/\"> programa I bolonjske stopnje Fizika<\/a>.<\/li>\n\n\n\n<li>povezava na podroben opis <a href=\"https:\/\/www.fmf.uni-lj.si\/si\/studij-fizike\/fizika-II\/\"> programa II bolonjske stopnje Fizika<\/a>.<\/li>\n<\/ul>\n\n\n\n<p>Poklicne poti in predstavitev dela nekaterih meteorologov lahko vidite na podstrani <a href=\"https:\/\/meteorolog.si\/index.php\/intervjuji\/\">Intevjuji<\/a>, nekaj kratkih povzetkov pa je navedenih tudi spodaj.<\/p>\n\n\n<div data-post-id=\"104\" class=\"insert-page insert-page-104 \"><strong>Poklicne poti nekaterih diplomantov meteorologije\r\n<\/strong>\r\n\r\n&nbsp;\r\n\r\n<div id=\"attachment_92\" style=\"width: 285px\" class=\"wp-caption alignnone\"><img loading=\"lazy\" decoding=\"async\" aria-describedby=\"caption-attachment-92\" class=\"wp-image-92\" src=\"https:\/\/meteorolog.si\/wp-content\/uploads\/2017\/11\/Letak_Meteo_FMF_2017_Page_1_Image_0005.jpg\" alt=\"\" width=\"275\" height=\"151\" \/><p id=\"caption-attachment-92\" class=\"wp-caption-text\"><strong>Veronika Hladnik<\/strong>, mag. geofizike Agencija za okolje Republike Slovenije<\/p><\/div>\r\n\r\nZaposlena sem na Agenciji Republike Slovenije za okolje, kjer se ukvarjam z napovedovanjem vremena. Vreme napovedujem tudi na RTV Slovenija. \u0160tudij meteorologije na FMF je raznolik in ti da veliko \u0161irino. \u0160tudij se na 1. stopnji lahko zdi zelo teoreti\u010den, a kasneje, na 2. stopnji, vsa ta nau\u010dena teorija pride zelo prav. Zaradi majhne skupine \u0161tudentov je odnos med \u0161tudenti in profesorji bolj oseben.\r\n\r\n<hr \/>\r\n\r\n&nbsp;\r\n\r\n<div id=\"attachment_94\" style=\"width: 193px\" class=\"wp-caption alignnone\"><img loading=\"lazy\" decoding=\"async\" aria-describedby=\"caption-attachment-94\" class=\"wp-image-94\" src=\"https:\/\/meteorolog.si\/wp-content\/uploads\/2017\/11\/Letak_Meteo_FMF_2017_Page_2_Image_0002.jpg\" alt=\"\" width=\"183\" height=\"232\" \/><p id=\"caption-attachment-94\" class=\"wp-caption-text\"><strong>Lina Boljka<\/strong>, \u0161tudentka 3. stopnje \u0161tudija na University of Reading, Velika Britanija<\/p><\/div>\r\n\r\n\u0160tudij meteorologije sem po kon\u010dani 1. stopnji na FMF nadaljevala na University of Reading, kjer imajo enega najve\u010djih meteorolo\u0161kih oddelkov v Evropi. S \u0161tudijem na FMF sem dobila zelo dobro podlago tako iz teoreti\u010dne meteorologije kot tudi iz numeri\u010dnega modeliranja, zato sem imela pri nadaljevanju \u0161tudija v Readingu veliko prednost pred ostalimi \u0161tudenti. Vsekakor je \u0161tudij meteorologije v Sloveniji na izjemno visokem nivoju in mislim, da se lahko primerja z vsemi ve\u010djimi univerzami po svetu.\r\n\r\n<hr \/>\r\n\r\n&nbsp;\r\n\r\n<div id=\"attachment_91\" style=\"width: 309px\" class=\"wp-caption alignnone\"><img loading=\"lazy\" decoding=\"async\" aria-describedby=\"caption-attachment-91\" class=\"wp-image-91\" src=\"https:\/\/meteorolog.si\/wp-content\/uploads\/2017\/11\/Letak_Meteo_FMF_2017_Page_1_Image_0003.jpg\" alt=\"\" width=\"299\" height=\"199\" \/><p id=\"caption-attachment-91\" class=\"wp-caption-text\">dr. <strong>Mark \u017dagar<\/strong>, dipl. uni. meteorol. Vestas, Danska<\/p><\/div>\r\n\r\nV procesih dizajna vetrnih turbin, planiranja postavitve vetrnih polj, optimizacije proizvodnje in vklju\u010ditve elektri\u010dne energije vetra v omre\u017eja je poznavanje fizike atmosfere, vremenskih procesov na vseh skalah ter mikroklimatskih razmer klju\u010dno. Moje delo se osredoto\u010da na izra\u010dun dodane vrednosti meteorolo\u0161ke analize procesov in na izdelavo projektov ter organizacijo njihove prakti\u010dne izvedbe. &#8220;Biznis&#8221; je lahko dolgoro\u010dno uspe\u0161en le, \u010de je osnovan na trdnih znanstvenih in in\u017eenirskih temeljih.\r\n\r\n<hr \/>\r\n\r\n&nbsp;\r\n\r\n<div id=\"attachment_93\" style=\"width: 231px\" class=\"wp-caption alignnone\"><img loading=\"lazy\" decoding=\"async\" aria-describedby=\"caption-attachment-93\" class=\"wp-image-93\" src=\"https:\/\/meteorolog.si\/wp-content\/uploads\/2017\/11\/Letak_Meteo_FMF_2017_Page_1_Image_0009.jpg\" alt=\"\" width=\"221\" height=\"276\" \/><p id=\"caption-attachment-93\" class=\"wp-caption-text\">dr. <strong>Sa\u0161a Gaber\u0161ek<\/strong>, dipl. uni. meteorol. U.S. Naval Research Laboratory, ZDA<\/p><\/div>\r\n\r\n\u0160tudij na FMF me je vsekakor dobro pripravil na strokovne izzive v karieri. Biti (fizikalno) radoveden in hkrati opremljen s potrebnim znanjem je dobra popotnica za uspe\u0161no delo na mednarodni ravni. Svojo poklicno pot sem za\u010del z gostovanjem v raziskovalnih ustanovah (Fulbrightova \u0161tipendija), nadaljeval s podiplomskim \u0161tudijem, potem podoktorskim izpopolnjevanjem (sklad Marie Curie) in kon\u010dno stalnim raziskovalnim mestom, kjer razvijamo numeri\u010dne modele za napovedovanje vremena.\r\n\r\n&nbsp;<\/div>\n","protected":false},"excerpt":{"rendered":"<p>Kratek informativni video o poklicu in \u0161tudiju meteorologije V Sloveniji lahko meteorolog potrebna znanja pridobi tekom \u0161tudija na Fakulteti za matematiko in fiziko univerze v Ljubljani. \u0160tudij meteorologije je zelo povezan s \u0161tudijem fizike, s katerim deli vse osnovne predmete&hellip;<\/p>\n","protected":false},"author":1,"featured_media":0,"parent":0,"menu_order":0,"comment_status":"closed","ping_status":"closed","template":"","meta":{"footnotes":""},"class_list":["post-73","page","type-page","status-publish","hentry","description-off"],"_links":{"self":[{"href":"https:\/\/meteorolog.si\/index.php\/wp-json\/wp\/v2\/pages\/73","targetHints":{"allow":["GET"]}}],"collection":[{"href":"https:\/\/meteorolog.si\/index.php\/wp-json\/wp\/v2\/pages"}],"about":[{"href":"https:\/\/meteorolog.si\/index.php\/wp-json\/wp\/v2\/types\/page"}],"author":[{"embeddable":true,"href":"https:\/\/meteorolog.si\/index.php\/wp-json\/wp\/v2\/users\/1"}],"replies":[{"embeddable":true,"href":"https:\/\/meteorolog.si\/index.php\/wp-json\/wp\/v2\/comments?post=73"}],"version-history":[{"count":13,"href":"https:\/\/meteorolog.si\/index.php\/wp-json\/wp\/v2\/pages\/73\/revisions"}],"predecessor-version":[{"id":904,"href":"https:\/\/meteorolog.si\/index.php\/wp-json\/wp\/v2\/pages\/73\/revisions\/904"}],"wp:attachment":[{"href":"https:\/\/meteorolog.si\/index.php\/wp-json\/wp\/v2\/media?parent=73"}],"curies":[{"name":"wp","href":"https:\/\/api.w.org\/{rel}","templated":true}]}}